
{"id":20,"date":"2024-06-10T20:30:47","date_gmt":"2024-06-10T20:30:47","guid":{"rendered":"https:\/\/chc.med.uchile.cl\/?page_id=20"},"modified":"2024-06-13T21:14:58","modified_gmt":"2024-06-13T21:14:58","slug":"docencia","status":"publish","type":"page","link":"https:\/\/chc.med.uchile.cl\/?page_id=20","title":{"rendered":"Docencia"},"content":{"rendered":"<p>[et_pb_section fb_built=&#8221;1&#8243; _builder_version=&#8221;4.25.1&#8243; _module_preset=&#8221;default&#8221; background_color=&#8221;#0C71C3&#8243; global_colors_info=&#8221;{}&#8221;][et_pb_row _builder_version=&#8221;4.25.1&#8243; _module_preset=&#8221;default&#8221; global_colors_info=&#8221;{}&#8221;][et_pb_column type=&#8221;4_4&#8243; _builder_version=&#8221;4.25.1&#8243; _module_preset=&#8221;default&#8221; global_colors_info=&#8221;{}&#8221;][et_pb_text _builder_version=&#8221;4.25.1&#8243; _module_preset=&#8221;default&#8221; text_text_color=&#8221;#FFFFFF&#8221; text_font_size=&#8221;48px&#8221; global_colors_info=&#8221;{}&#8221;]<\/p>\n<p style=\"text-align: center;\">Docencia<\/p>\n<p>[\/et_pb_text][et_pb_text _builder_version=&#8221;4.25.1&#8243; _module_preset=&#8221;default&#8221; text_font_size=&#8221;24px&#8221; global_colors_info=&#8221;{}&#8221;]<\/p>\n<p style=\"text-align: center;\"><span style=\"color: #ffffff;\">Facultad de Medicina &#8211; Universidad de Chile<\/span><\/p>\n<p>[\/et_pb_text][\/et_pb_column][\/et_pb_row][\/et_pb_section][et_pb_section fb_built=&#8221;1&#8243; _builder_version=&#8221;4.25.1&#8243; _module_preset=&#8221;default&#8221; custom_padding=&#8221;||6px|||&#8221; global_colors_info=&#8221;{}&#8221;][et_pb_row _builder_version=&#8221;4.25.1&#8243; _module_preset=&#8221;default&#8221; global_colors_info=&#8221;{}&#8221;][et_pb_column type=&#8221;4_4&#8243; _builder_version=&#8221;4.25.1&#8243; _module_preset=&#8221;default&#8221; global_colors_info=&#8221;{}&#8221;][et_pb_text _builder_version=&#8221;4.25.1&#8243; _module_preset=&#8221;default&#8221; global_colors_info=&#8221;{}&#8221;]<\/p>\n<p style=\"text-align: center;\"><span>El Centro de Habilidades Cl\u00ednicas CHC forma parte del proceso de innovaci\u00f3n curricular y es pionero en desarrollar distintas metodolog\u00edas para el desarrollo de las habilidades cl\u00ednicas en los futuros y actuales profesionales de Salud.\u00a0<\/span><\/p>\n<p style=\"text-align: center;\"><span>Tenemos un enfoque pedag\u00f3gico con una orientaci\u00f3n por competencias, entendidas \u00e9stas como una combinaci\u00f3n de atributos -con respecto al conocimiento y sus aplicaciones, aptitudes, destrezas y responsabilidades- que describen el nivel o grado de suficiencia con que un profesional es capaz de desempe\u00f1arlos.<\/span><\/p>\n<p style=\"text-align: center;\"><span>Entre las actividades que se realizan en CHC se destacan las basadas en Pacientes Simulados\/Estandarizados: demostraciones pr\u00e1cticas, practica deliberada simulada, ECOEs, etc. Tambi\u00e9n, las pr\u00e1cticas de procedimientos usando simuladores de mediana y baja complejidad, realizaci\u00f3n de talleres de manejos de urgencias m\u00e9dicas, cursos de BLS con acreditaci\u00f3n AHA, los talleres de RCP avanzado de adultos y distintas formas de escenarios simulados multiprofesionales.<\/span><\/p>\n<p>[\/et_pb_text][\/et_pb_column][\/et_pb_row][\/et_pb_section][et_pb_section fb_built=&#8221;1&#8243; _builder_version=&#8221;4.25.1&#8243; _module_preset=&#8221;default&#8221; min_height=&#8221;1078.5px&#8221; custom_padding=&#8221;4px||0px|||&#8221; global_colors_info=&#8221;{}&#8221;][et_pb_row column_structure=&#8221;1_4,1_4,1_4,1_4&#8243; _builder_version=&#8221;4.25.2&#8243; _module_preset=&#8221;default&#8221; hover_enabled=&#8221;0&#8243; global_colors_info=&#8221;{}&#8221; sticky_enabled=&#8221;0&#8243;][et_pb_column type=&#8221;1_4&#8243; _builder_version=&#8221;4.25.1&#8243; _module_preset=&#8221;default&#8221; global_colors_info=&#8221;{}&#8221;][et_pb_text _builder_version=&#8221;4.25.1&#8243; _module_preset=&#8221;default&#8221; text_font_size=&#8221;20px&#8221; background_color=&#8221;#0C71C3&#8243; hover_enabled=&#8221;0&#8243; global_colors_info=&#8221;{}&#8221; sticky_enabled=&#8221;0&#8243;]<\/p>\n<p style=\"text-align: center;\"><span style=\"color: #ffffff;\"><strong>Pacientes Simulados<\/strong><\/span><\/p>\n<p>[\/et_pb_text][\/et_pb_column][et_pb_column type=&#8221;1_4&#8243; _builder_version=&#8221;4.25.1&#8243; _module_preset=&#8221;default&#8221; global_colors_info=&#8221;{}&#8221;][et_pb_text _builder_version=&#8221;4.25.2&#8243; _module_preset=&#8221;default&#8221; text_font_size=&#8221;20px&#8221; background_color=&#8221;#777777&#8243; hover_enabled=&#8221;0&#8243; global_colors_info=&#8221;{}&#8221; custom_margin=&#8221;20px|10px|10px|10px|false|false&#8221; custom_padding=&#8221;30px|10px|30px|10px|false|false&#8221; box_shadow_style=&#8221;preset1&#8243; sticky_enabled=&#8221;0&#8243; link_option_url=&#8221;https:\/\/chc.med.uchile.cl\/?page_id=34&#8243;]<\/p>\n<p style=\"text-align: center;\"><span style=\"color: #ffffff;\"><strong>ECLIPSE<\/strong><\/span><\/p>\n<p>[\/et_pb_text][\/et_pb_column][et_pb_column type=&#8221;1_4&#8243; _builder_version=&#8221;4.25.2&#8243; _module_preset=&#8221;default&#8221; hover_enabled=&#8221;0&#8243; global_colors_info=&#8221;{}&#8221; background_color=&#8221;#E09900&#8243; sticky_enabled=&#8221;0&#8243;][et_pb_text _builder_version=&#8221;4.25.1&#8243; _module_preset=&#8221;default&#8221; text_font_size=&#8221;20px&#8221; background_color=&#8221;#FFFFFF&#8221; text_orientation=&#8221;center&#8221; hover_enabled=&#8221;0&#8243; global_colors_info=&#8221;{}&#8221; sticky_enabled=&#8221;0&#8243;]<\/p>\n<p><strong>RCP B\u00e1sico y Avanzado<\/strong><\/p>\n<p>[\/et_pb_text][\/et_pb_column][et_pb_column type=&#8221;1_4&#8243; _builder_version=&#8221;4.25.2&#8243; _module_preset=&#8221;default&#8221; hover_enabled=&#8221;0&#8243; global_colors_info=&#8221;{}&#8221; background_color=&#8221;#0C71C3&#8243; sticky_enabled=&#8221;0&#8243;][et_pb_text _builder_version=&#8221;4.25.2&#8243; _module_preset=&#8221;default&#8221; text_font=&#8221;|700|||||||&#8221; text_font_size=&#8221;20px&#8221; background_color=&#8221;#083eb2&#8243; hover_enabled=&#8221;0&#8243; global_colors_info=&#8221;{}&#8221; link_option_url=&#8221;https:\/\/chc.med.uchile.cl\/?page_id=207&#8243; sticky_enabled=&#8221;0&#8243;]<\/p>\n<p style=\"text-align: center;\"><span style=\"color: #ffffff;\"><strong>Comunicaci\u00f3n de\u00a0 Malas Noticias<\/strong><\/span><\/p>\n<p>[\/et_pb_text][\/et_pb_column][\/et_pb_row][\/et_pb_section]<\/p>\n","protected":false},"excerpt":{"rendered":"<p>DocenciaFacultad de Medicina &#8211; Universidad de ChileEl Centro de Habilidades Cl\u00ednicas CHC forma parte del proceso de innovaci\u00f3n curricular y es pionero en desarrollar distintas metodolog\u00edas para el desarrollo de las habilidades cl\u00ednicas en los futuros y actuales profesionales de Salud.\u00a0 Tenemos un enfoque pedag\u00f3gico con una orientaci\u00f3n por competencias, entendidas \u00e9stas como una combinaci\u00f3n [&hellip;]<\/p>\n","protected":false},"author":1,"featured_media":0,"parent":0,"menu_order":0,"comment_status":"closed","ping_status":"closed","template":"","meta":{"_et_pb_use_builder":"on","_et_pb_old_content":"","_et_gb_content_width":"","footnotes":""},"class_list":["post-20","page","type-page","status-publish","hentry"],"_links":{"self":[{"href":"https:\/\/chc.med.uchile.cl\/index.php?rest_route=\/wp\/v2\/pages\/20","targetHints":{"allow":["GET"]}}],"collection":[{"href":"https:\/\/chc.med.uchile.cl\/index.php?rest_route=\/wp\/v2\/pages"}],"about":[{"href":"https:\/\/chc.med.uchile.cl\/index.php?rest_route=\/wp\/v2\/types\/page"}],"author":[{"embeddable":true,"href":"https:\/\/chc.med.uchile.cl\/index.php?rest_route=\/wp\/v2\/users\/1"}],"replies":[{"embeddable":true,"href":"https:\/\/chc.med.uchile.cl\/index.php?rest_route=%2Fwp%2Fv2%2Fcomments&post=20"}],"version-history":[{"count":6,"href":"https:\/\/chc.med.uchile.cl\/index.php?rest_route=\/wp\/v2\/pages\/20\/revisions"}],"predecessor-version":[{"id":221,"href":"https:\/\/chc.med.uchile.cl\/index.php?rest_route=\/wp\/v2\/pages\/20\/revisions\/221"}],"wp:attachment":[{"href":"https:\/\/chc.med.uchile.cl\/index.php?rest_route=%2Fwp%2Fv2%2Fmedia&parent=20"}],"curies":[{"name":"wp","href":"https:\/\/api.w.org\/{rel}","templated":true}]}}