
{"id":36,"date":"2024-06-10T20:34:34","date_gmt":"2024-06-10T20:34:34","guid":{"rendered":"https:\/\/chc.med.uchile.cl\/?page_id=36"},"modified":"2024-06-13T21:59:59","modified_gmt":"2024-06-13T21:59:59","slug":"inicio","status":"publish","type":"page","link":"https:\/\/chc.med.uchile.cl\/","title":{"rendered":"Inicio"},"content":{"rendered":"[et_pb_section fb_built=&#8221;1&#8243; admin_label=&#8221;section&#8221; _builder_version=&#8221;4.25.1&#8243; background_video_mp4=&#8221;https:\/\/chc.med.uchile.cl\/wp-content\/uploads\/2024\/06\/drone2.webm&#8221; min_height=&#8221;484.1px&#8221; custom_padding=&#8221;100px||111px|||&#8221; global_colors_info=&#8221;{}&#8221;][et_pb_row admin_label=&#8221;row&#8221; _builder_version=&#8221;4.16&#8243; background_size=&#8221;initial&#8221; background_position=&#8221;top_left&#8221; background_repeat=&#8221;repeat&#8221; global_colors_info=&#8221;{}&#8221;][et_pb_column type=&#8221;4_4&#8243; _builder_version=&#8221;4.16&#8243; custom_padding=&#8221;|||&#8221; global_colors_info=&#8221;{}&#8221; custom_padding__hover=&#8221;|||&#8221;][et_pb_text _builder_version=&#8221;4.25.1&#8243; _module_preset=&#8221;default&#8221; text_font=&#8221;|700|||||||&#8221; text_text_color=&#8221;#FFFFFF&#8221; text_font_size=&#8221;78px&#8221; header_text_color=&#8221;#FFFFFF&#8221; header_font_size=&#8221;48px&#8221; text_orientation=&#8221;center&#8221; global_colors_info=&#8221;{}&#8221;]<h1 class=\"et_pb_module_header\"><span style=\"color: #ffffff;\">Las habilidades cl\u00ednicas son el fundamento de los equipos de salud centrados en el paciente<\/span><\/h1>[\/et_pb_text][et_pb_text _builder_version=&#8221;4.25.1&#8243; _module_preset=&#8221;default&#8221; text_text_color=&#8221;#FFFFFF&#8221; text_font_size=&#8221;24px&#8221; text_orientation=&#8221;center&#8221; global_colors_info=&#8221;{}&#8221;]<p><span class=\"et_pb_fullwidth_header_subhead\">Centro de Habilidades Cl\u00ednicas &#8211; Universidad de Chile<\/span><\/p>\n<div class=\"et_pb_header_content_wrapper\"><\/div>[\/et_pb_text][\/et_pb_column][\/et_pb_row][\/et_pb_section][et_pb_section fb_built=&#8221;1&#8243; admin_label=&#8221;section&#8221; _builder_version=&#8221;4.16&#8243; custom_margin=&#8221;0px|||||&#8221; custom_padding=&#8221;||38px|||&#8221; global_colors_info=&#8221;{}&#8221;][et_pb_row admin_label=&#8221;row&#8221; _builder_version=&#8221;4.16&#8243; background_size=&#8221;initial&#8221; background_position=&#8221;top_left&#8221; background_repeat=&#8221;repeat&#8221; custom_padding=&#8221;||0px|||&#8221; global_colors_info=&#8221;{}&#8221;][et_pb_column type=&#8221;4_4&#8243; _builder_version=&#8221;4.16&#8243; custom_padding=&#8221;|||&#8221; global_colors_info=&#8221;{}&#8221; custom_padding__hover=&#8221;|||&#8221;][et_pb_text admin_label=&#8221;Text&#8221; _builder_version=&#8221;4.25.1&#8243; text_font=&#8221;Lato|300|||||||&#8221; text_font_size=&#8221;18px&#8221; background_size=&#8221;initial&#8221; background_position=&#8221;top_left&#8221; background_repeat=&#8221;repeat&#8221; text_orientation=&#8221;center&#8221; custom_margin=&#8221;||-5px|||&#8221; animation_style=&#8221;fade&#8221; global_colors_info=&#8221;{}&#8221;]<p><\/p>\n<h1>Bienvenidos<\/h1>\n<p><\/p>\n<p><\/p>\n<figure class=\"wp-block-gallery has-nested-images columns-default is-cropped wp-block-gallery-1 is-layout-flex wp-block-gallery-is-layout-flex\"><\/figure>\n<p><\/p>[\/et_pb_text][et_pb_text admin_label=&#8221;Text&#8221; _builder_version=&#8221;4.25.1&#8243; text_font=&#8221;Lato||||||||&#8221; text_font_size=&#8221;18px&#8221; background_size=&#8221;initial&#8221; background_position=&#8221;top_left&#8221; background_repeat=&#8221;repeat&#8221; text_orientation=&#8221;center&#8221; animation_style=&#8221;fade&#8221; global_colors_info=&#8221;{}&#8221;]<p><\/p>\n<p class=\"has-text-align-center\">El Centro de Habilidades Cl\u00ednicas es un espacio de la Facultad de Medicina de la Universidad de Chile dirigido a experiencias en aprendizaje, ense\u00f1anza y evaluaci\u00f3n en el \u00e1rea salud, para quienes lo requieran. Nuestro centro de atenci\u00f3n est\u00e1 en los estudiantes, en el contexto de las necesidades curriculares de sus procesos de formaci\u00f3n, fundamentalmente en la pr\u00e1ctica cl\u00ednica. Las t\u00e9cnicas empleadas aprovechan de los recursos de la simulaci\u00f3n y de las TICs, aplicadas seg\u00fan requerimientos acad\u00e9micos, tanto en formaci\u00f3n como evaluaci\u00f3n.<\/p>\n<p><\/p>\n<p><\/p>\n<figure class=\"wp-block-gallery has-nested-images columns-default is-cropped wp-block-gallery-2 is-layout-flex wp-block-gallery-is-layout-flex\"><\/figure>\n<p><\/p>[\/et_pb_text][\/et_pb_column][\/et_pb_row][\/et_pb_section][et_pb_section fb_built=&#8221;1&#8243; _builder_version=&#8221;4.25.1&#8243; _module_preset=&#8221;default&#8221; animation_style=&#8221;fade&#8221; global_colors_info=&#8221;{}&#8221;][et_pb_row column_structure=&#8221;1_3,1_3,1_3&#8243; _builder_version=&#8221;4.25.1&#8243; _module_preset=&#8221;default&#8221; animation_style=&#8221;fade&#8221; global_colors_info=&#8221;{}&#8221;][et_pb_column type=&#8221;1_3&#8243; _builder_version=&#8221;4.25.1&#8243; _module_preset=&#8221;default&#8221; global_colors_info=&#8221;{}&#8221;][et_pb_text _builder_version=&#8221;4.25.2&#8243; _module_preset=&#8221;default&#8221; background_color=&#8221;#005e89&#8243; transform_scale=&#8221;108%|108%&#8221; text_orientation=&#8221;center&#8221; custom_margin=&#8221;||||false|false&#8221; custom_padding=&#8221;20px|20px|20px|20px|false|false&#8221; animation_style=&#8221;slide&#8221; link_option_url=&#8221;https:\/\/chc.med.uchile.cl\/?page_id=34&#8243; hover_enabled=&#8221;0&#8243; border_radii=&#8221;on|1px|1px|1px|1px&#8221; global_colors_info=&#8221;{}&#8221; sticky_enabled=&#8221;0&#8243;]<p><span style=\"color: #ffffff;\"><strong>E C L I P S E<\/strong><\/span><br \/><span style=\"color: #ffffff;\">El Encuentro Cl\u00ednico con Paciente Simulado Estandarizado es una actividad donde los estudiantes pueden poner en pr\u00e1ctica sus habilidades cl\u00ednicas en un contexto seguro para equivocarse, aprender y reflexionar.<\/span><\/p>[\/et_pb_text][\/et_pb_column][et_pb_column type=&#8221;1_3&#8243; _builder_version=&#8221;4.25.1&#8243; _module_preset=&#8221;default&#8221; global_colors_info=&#8221;{}&#8221;][et_pb_text _builder_version=&#8221;4.25.2&#8243; _module_preset=&#8221;default&#8221; background_color=&#8221;#438415&#8243; transform_scale=&#8221;108%|108%&#8221; text_orientation=&#8221;center&#8221; custom_padding=&#8221;20px|20px|20px|20px|false|false&#8221; animation_style=&#8221;slide&#8221; link_option_url=&#8221;https:\/\/chc.med.uchile.cl\/?page_id=200&#8243; global_colors_info=&#8221;{}&#8221;]<p><span style=\"color: #ffffff;\"><strong>Razonamiento Cl\u00ednico<\/strong><\/span><br \/><span style=\"color: #ffffff;\">El razonamiento cl\u00ednico es el coraz\u00f3n de la pr\u00e1ctica cl\u00ednica, corresponde al proceso metacognitivo mediante el cual se eval\u00faa y resuelven problemas cl\u00ednicos.<\/span><\/p>[\/et_pb_text][\/et_pb_column][et_pb_column type=&#8221;1_3&#8243; _builder_version=&#8221;4.25.1&#8243; _module_preset=&#8221;default&#8221; global_colors_info=&#8221;{}&#8221;][et_pb_text _builder_version=&#8221;4.25.2&#8243; _module_preset=&#8221;default&#8221; background_color=&#8221;#ad7f00&#8243; transform_scale=&#8221;108%|108%&#8221; text_orientation=&#8221;center&#8221; custom_padding=&#8221;20px|20px|20px|20px|false|false&#8221; animation_style=&#8221;slide&#8221; link_option_url=&#8221;https:\/\/aspehq.memberclicks.net\/sobp-translations&#8221; link_option_url_new_window=&#8221;on&#8221; global_colors_info=&#8221;{}&#8221;]<p><span style=\"color: #ffffff;\"><strong>Est\u00e1ndares de Mejores Pr\u00e1cticas de la Asociaci\u00f3n de Educadores de Pacientes Estandarizados (ASPE)<\/strong><\/span><br \/><span style=\"color: #ffffff;\">Los Est\u00e1ndares ASPE publicados son un hito que apoya el desarrollo y profesionalizaci\u00f3n de los Pacientes Simulados. Revisa aqu\u00ed la traducci\u00f3n al espa\u00f1ol realizada por Sergio Bozzo y Claudia Arancibia, miembros de nuestro equipo CHC.<\/span><\/p>[\/et_pb_text][\/et_pb_column][\/et_pb_row][et_pb_row column_structure=&#8221;1_2,1_2&#8243; _builder_version=&#8221;4.25.1&#8243; _module_preset=&#8221;default&#8221; animation_style=&#8221;fade&#8221; global_colors_info=&#8221;{}&#8221;][et_pb_column type=&#8221;1_2&#8243; _builder_version=&#8221;4.25.1&#8243; _module_preset=&#8221;default&#8221; global_colors_info=&#8221;{}&#8221;][et_pb_text _builder_version=&#8221;4.25.2&#8243; _module_preset=&#8221;default&#8221; background_color=&#8221;#af3a16&#8243; transform_scale=&#8221;108%|108%&#8221; text_orientation=&#8221;center&#8221; custom_padding=&#8221;20px|20px|20px|20px|false|false&#8221; animation_style=&#8221;slide&#8221; link_option_url=&#8221;https:\/\/libros.uchile.cl\/1172&#8243; link_option_url_new_window=&#8221;on&#8221; global_colors_info=&#8221;{}&#8221;]<p><span style=\"color: #ffffff;\"><strong>Libro de reanimaci\u00f3n Cardio Pulmonar<br \/><\/strong>Este nuevo libro aborda la mejor evidencia internacional y su enfoque representa m\u00e1s de 10 a\u00f1os de experiencia en docencia en RCP.<\/span><\/p>[\/et_pb_text][\/et_pb_column][et_pb_column type=&#8221;1_2&#8243; _builder_version=&#8221;4.25.1&#8243; _module_preset=&#8221;default&#8221; global_colors_info=&#8221;{}&#8221;][et_pb_text _builder_version=&#8221;4.25.2&#8243; _module_preset=&#8221;default&#8221; background_color=&#8221;#8300E9&#8243; transform_scale=&#8221;108%|108%&#8221; text_orientation=&#8221;center&#8221; custom_padding=&#8221;20px|20px|20px|20px|false|false&#8221; animation_style=&#8221;slide&#8221; global_colors_info=&#8221;{}&#8221;]<p><span style=\"color: #ffffff;\"><strong>Pacientes Simulados<\/strong><\/span><br \/><span style=\"color: #ffffff;\">Un Paciente Simulado es una persona capaz de representar a un paciente real, como persona, con una actitud y personalidad particulares en un contexto cl\u00ednico.<\/span><\/p>[\/et_pb_text][\/et_pb_column][\/et_pb_row][et_pb_row _builder_version=&#8221;4.25.1&#8243; _module_preset=&#8221;default&#8221; global_colors_info=&#8221;{}&#8221;][et_pb_column type=&#8221;4_4&#8243; _builder_version=&#8221;4.25.1&#8243; _module_preset=&#8221;default&#8221; global_colors_info=&#8221;{}&#8221;][et_pb_gallery gallery_ids=&#8221;85,86,87,88,89,90,91&#8243; show_title_and_caption=&#8221;off&#8221; _builder_version=&#8221;4.25.1&#8243; _module_preset=&#8221;default&#8221; global_colors_info=&#8221;{}&#8221;][\/et_pb_gallery][\/et_pb_column][\/et_pb_row][\/et_pb_section]","protected":false},"excerpt":{"rendered":"<p>Las habilidades cl\u00ednicas son el fundamento de los equipos de salud centrados en el pacienteCentro de Habilidades Cl\u00ednicas &#8211; Universidad de Chile Bienvenidos El Centro de Habilidades Cl\u00ednicas es un espacio de la Facultad de Medicina de la Universidad de Chile dirigido a experiencias en aprendizaje, ense\u00f1anza y evaluaci\u00f3n en el \u00e1rea salud, para quienes [&hellip;]<\/p>\n","protected":false},"author":1,"featured_media":0,"parent":0,"menu_order":0,"comment_status":"closed","ping_status":"closed","template":"","meta":{"_et_pb_use_builder":"on","_et_pb_old_content":"<!-- wp:paragraph {\"align\":\"center\"} -->\n<p class=\"has-text-align-center\">El Centro de Habilidades Cl\u00ednicas es un espacio de la Facultad de Medicina de la Universidad de Chile dirigido a experiencias en aprendizaje, ense\u00f1anza y evaluaci\u00f3n en el \u00e1rea salud, para quienes lo requieran. Nuestro centro de atenci\u00f3n est\u00e1 en los estudiantes, en el contexto de las necesidades curriculares de sus procesos de formaci\u00f3n, fundamentalmente en la pr\u00e1ctica cl\u00ednica. Las t\u00e9cnicas empleadas aprovechan de los recursos de la simulaci\u00f3n y de las TICs, aplicadas seg\u00fan requerimientos acad\u00e9micos, tanto en formaci\u00f3n como evaluaci\u00f3n.<\/p>\n<!-- \/wp:paragraph -->\n\n<!-- wp:gallery {\"linkTo\":\"none\"} -->\n<figure class=\"wp-block-gallery has-nested-images columns-default is-cropped\"><\/figure>\n<!-- \/wp:gallery -->","_et_gb_content_width":"","footnotes":""},"class_list":["post-36","page","type-page","status-publish","hentry"],"_links":{"self":[{"href":"https:\/\/chc.med.uchile.cl\/index.php?rest_route=\/wp\/v2\/pages\/36","targetHints":{"allow":["GET"]}}],"collection":[{"href":"https:\/\/chc.med.uchile.cl\/index.php?rest_route=\/wp\/v2\/pages"}],"about":[{"href":"https:\/\/chc.med.uchile.cl\/index.php?rest_route=\/wp\/v2\/types\/page"}],"author":[{"embeddable":true,"href":"https:\/\/chc.med.uchile.cl\/index.php?rest_route=\/wp\/v2\/users\/1"}],"replies":[{"embeddable":true,"href":"https:\/\/chc.med.uchile.cl\/index.php?rest_route=%2Fwp%2Fv2%2Fcomments&post=36"}],"version-history":[{"count":24,"href":"https:\/\/chc.med.uchile.cl\/index.php?rest_route=\/wp\/v2\/pages\/36\/revisions"}],"predecessor-version":[{"id":230,"href":"https:\/\/chc.med.uchile.cl\/index.php?rest_route=\/wp\/v2\/pages\/36\/revisions\/230"}],"wp:attachment":[{"href":"https:\/\/chc.med.uchile.cl\/index.php?rest_route=%2Fwp%2Fv2%2Fmedia&parent=36"}],"curies":[{"name":"wp","href":"https:\/\/api.w.org\/{rel}","templated":true}]}}